{"id":1638,"date":"2010-07-14T14:41:37","date_gmt":"2010-07-14T12:41:37","guid":{"rendered":"https:\/\/www.sebald.com\/chillis-en\/chillis-2004\/"},"modified":"2018-10-25T09:59:47","modified_gmt":"2018-10-25T07:59:47","slug":"chilis-2004","status":"publish","type":"page","link":"https:\/\/www.sebald.com\/en\/chilis\/chilis-2004\/","title":{"rendered":"Chillis 2004"},"content":{"rendered":"<div id=\"ez-toc-container\" class=\"ez-toc-v2_0_83 counter-hierarchy ez-toc-counter ez-toc-custom ez-toc-container-direction\">\n<div class=\"ez-toc-title-container\">\n<p class=\"ez-toc-title\" style=\"cursor:inherit\">Inhaltsverzeichnis<\/p>\n<span class=\"ez-toc-title-toggle\"><a href=\"#\" class=\"ez-toc-pull-right ez-toc-btn ez-toc-btn-xs ez-toc-btn-default ez-toc-toggle\" aria-label=\"Toggle Table of Content\"><span class=\"ez-toc-js-icon-con\"><span class=\"\"><span class=\"eztoc-hide\" style=\"display:none;\">Toggle<\/span><span class=\"ez-toc-icon-toggle-span\"><svg style=\"fill: #1a1a1a;color:#1a1a1a\" xmlns=\"http:\/\/www.w3.org\/2000\/svg\" class=\"list-377408\" width=\"20px\" height=\"20px\" viewBox=\"0 0 24 24\" fill=\"none\"><path d=\"M6 6H4v2h2V6zm14 0H8v2h12V6zM4 11h2v2H4v-2zm16 0H8v2h12v-2zM4 16h2v2H4v-2zm16 0H8v2h12v-2z\" fill=\"currentColor\"><\/path><\/svg><svg style=\"fill: #1a1a1a;color:#1a1a1a\" class=\"arrow-unsorted-368013\" xmlns=\"http:\/\/www.w3.org\/2000\/svg\" width=\"10px\" height=\"10px\" viewBox=\"0 0 24 24\" version=\"1.2\" baseProfile=\"tiny\"><path d=\"M18.2 9.3l-6.2-6.3-6.2 6.3c-.2.2-.3.4-.3.7s.1.5.3.7c.2.2.4.3.7.3h11c.3 0 .5-.1.7-.3.2-.2.3-.5.3-.7s-.1-.5-.3-.7zM5.8 14.7l6.2 6.3 6.2-6.3c.2-.2.3-.5.3-.7s-.1-.5-.3-.7c-.2-.2-.4-.3-.7-.3h-11c-.3 0-.5.1-.7.3-.2.2-.3.5-.3.7s.1.5.3.7z\"\/><\/svg><\/span><\/span><\/span><\/a><\/span><\/div>\n<nav><ul class='ez-toc-list ez-toc-list-level-1 ' ><li class='ez-toc-page-1 ez-toc-heading-level-3'><a class=\"ez-toc-link ez-toc-heading-1\" href=\"https:\/\/www.sebald.com\/en\/chilis\/chilis-2004\/#Calendar_2004\" >Calendar 2004<\/a><\/li><li class='ez-toc-page-1 ez-toc-heading-level-3'><a class=\"ez-toc-link ez-toc-heading-2\" href=\"https:\/\/www.sebald.com\/en\/chilis\/chilis-2004\/#Photos_2004\" >Photos 2004<\/a><ul class='ez-toc-list-level-4' ><li class='ez-toc-heading-level-4'><a class=\"ez-toc-link ez-toc-heading-3\" href=\"https:\/\/www.sebald.com\/en\/chilis\/chilis-2004\/#Januar_20th\" >Januar 20th<\/a><\/li><li class='ez-toc-page-1 ez-toc-heading-level-4'><a class=\"ez-toc-link ez-toc-heading-4\" href=\"https:\/\/www.sebald.com\/en\/chilis\/chilis-2004\/#Februar_8th\" >Februar 8th<\/a><\/li><li class='ez-toc-page-1 ez-toc-heading-level-4'><a class=\"ez-toc-link ez-toc-heading-5\" href=\"https:\/\/www.sebald.com\/en\/chilis\/chilis-2004\/#March_9th\" >March 9th<\/a><\/li><li class='ez-toc-page-1 ez-toc-heading-level-4'><a class=\"ez-toc-link ez-toc-heading-6\" href=\"https:\/\/www.sebald.com\/en\/chilis\/chilis-2004\/#March_14th\" >March 14th<\/a><\/li><li class='ez-toc-page-1 ez-toc-heading-level-4'><a class=\"ez-toc-link ez-toc-heading-7\" href=\"https:\/\/www.sebald.com\/en\/chilis\/chilis-2004\/#April_3rd\" >April 3rd<\/a><\/li><li class='ez-toc-page-1 ez-toc-heading-level-4'><a class=\"ez-toc-link ez-toc-heading-8\" href=\"https:\/\/www.sebald.com\/en\/chilis\/chilis-2004\/#April_19th\" >April 19th<\/a><\/li><li class='ez-toc-page-1 ez-toc-heading-level-4'><a class=\"ez-toc-link ez-toc-heading-9\" href=\"https:\/\/www.sebald.com\/en\/chilis\/chilis-2004\/#May_16th\" >May 16th<\/a><\/li><li class='ez-toc-page-1 ez-toc-heading-level-4'><a class=\"ez-toc-link ez-toc-heading-10\" href=\"https:\/\/www.sebald.com\/en\/chilis\/chilis-2004\/#May_31th\" >May 31th<\/a><\/li><li class='ez-toc-page-1 ez-toc-heading-level-4'><a class=\"ez-toc-link ez-toc-heading-11\" href=\"https:\/\/www.sebald.com\/en\/chilis\/chilis-2004\/#June_9th\" >June 9th<\/a><\/li><li class='ez-toc-page-1 ez-toc-heading-level-4'><a class=\"ez-toc-link ez-toc-heading-12\" href=\"https:\/\/www.sebald.com\/en\/chilis\/chilis-2004\/#June_27th\" >June 27th<\/a><\/li><li class='ez-toc-page-1 ez-toc-heading-level-4'><a class=\"ez-toc-link ez-toc-heading-13\" href=\"https:\/\/www.sebald.com\/en\/chilis\/chilis-2004\/#July_11th\" >July 11th<\/a><\/li><li class='ez-toc-page-1 ez-toc-heading-level-4'><a class=\"ez-toc-link ez-toc-heading-14\" href=\"https:\/\/www.sebald.com\/en\/chilis\/chilis-2004\/#July_21st\" >July 21st<\/a><\/li><li class='ez-toc-page-1 ez-toc-heading-level-4'><a class=\"ez-toc-link ez-toc-heading-15\" href=\"https:\/\/www.sebald.com\/en\/chilis\/chilis-2004\/#August_1st\" >August 1st<\/a><\/li><li class='ez-toc-page-1 ez-toc-heading-level-4'><a class=\"ez-toc-link ez-toc-heading-16\" href=\"https:\/\/www.sebald.com\/en\/chilis\/chilis-2004\/#August_11th\" >August 11th<\/a><\/li><li class='ez-toc-page-1 ez-toc-heading-level-4'><a class=\"ez-toc-link ez-toc-heading-17\" href=\"https:\/\/www.sebald.com\/en\/chilis\/chilis-2004\/#August_23rd\" >August 23rd<\/a><\/li><li class='ez-toc-page-1 ez-toc-heading-level-4'><a class=\"ez-toc-link ez-toc-heading-18\" href=\"https:\/\/www.sebald.com\/en\/chilis\/chilis-2004\/#August_31st\" >August 31st<\/a><\/li><li class='ez-toc-page-1 ez-toc-heading-level-4'><a class=\"ez-toc-link ez-toc-heading-19\" href=\"https:\/\/www.sebald.com\/en\/chilis\/chilis-2004\/#September_5th\" >September 5th<\/a><\/li><li class='ez-toc-page-1 ez-toc-heading-level-4'><a class=\"ez-toc-link ez-toc-heading-20\" href=\"https:\/\/www.sebald.com\/en\/chilis\/chilis-2004\/#September_10th\" >September 10th<\/a><\/li><li class='ez-toc-page-1 ez-toc-heading-level-4'><a class=\"ez-toc-link ez-toc-heading-21\" href=\"https:\/\/www.sebald.com\/en\/chilis\/chilis-2004\/#September_12th\" >September 12th<\/a><\/li><li class='ez-toc-page-1 ez-toc-heading-level-4'><a class=\"ez-toc-link ez-toc-heading-22\" href=\"https:\/\/www.sebald.com\/en\/chilis\/chilis-2004\/#September_19th\" >September 19th<\/a><\/li><li class='ez-toc-page-1 ez-toc-heading-level-4'><a class=\"ez-toc-link ez-toc-heading-23\" href=\"https:\/\/www.sebald.com\/en\/chilis\/chilis-2004\/#September_26th\" >September 26th<\/a><\/li><li class='ez-toc-page-1 ez-toc-heading-level-4'><a class=\"ez-toc-link ez-toc-heading-24\" href=\"https:\/\/www.sebald.com\/en\/chilis\/chilis-2004\/#Oktober_2nd\" >Oktober 2nd<\/a><\/li><\/ul><\/li><\/ul><\/nav><\/div>\n<h3><span class=\"ez-toc-section\" id=\"Calendar_2004\"><\/span>Calendar 2004<span class=\"ez-toc-section-end\"><\/span><\/h3>\n<table border=\"1\" width=\"100%\" cellspacing=\"0\" cellpadding=\"0\">\n<tbody>\n<tr>\n<td valign=\"bottom\"><strong>Sorte<\/strong><\/td>\n<td align=\"center\" valign=\"bottom\"><strong>Haba\u00f1ero Red Savina<\/strong><\/td>\n<td align=\"center\" valign=\"bottom\"><strong>Scotch Bonnet<\/strong><\/td>\n<td align=\"center\" valign=\"bottom\"><strong>Cayenne<\/strong><\/td>\n<td align=\"center\" valign=\"bottom\"><strong>Ring of Fire<\/strong><\/td>\n<td align=\"center\" valign=\"bottom\"><strong>Santa Fe Grande<\/strong><\/td>\n<td align=\"center\" valign=\"bottom\"><strong>Jalape\u00f1o<\/strong><\/td>\n<\/tr>\n<tr>\n<td><strong>Saat<\/strong><\/td>\n<td align=\"center\">20.01.<\/td>\n<td align=\"center\">20.01.<\/td>\n<td align=\"center\">14.03.<\/td>\n<td align=\"center\">14.03.<\/td>\n<td align=\"center\">20.01.<\/td>\n<td align=\"center\">20.01.<\/td>\n<\/tr>\n<tr>\n<td><strong>Aufgang<\/strong><\/td>\n<td align=\"center\">14.02.<\/td>\n<td align=\"center\">27.02.<\/td>\n<td align=\"center\">04.04.<\/td>\n<td align=\"center\">05.04.<\/td>\n<td align=\"center\">&#8211;<\/td>\n<td align=\"center\">&#8211;<\/td>\n<\/tr>\n<tr>\n<td><strong>Bl\u00fcte<\/strong><\/td>\n<td align=\"center\">05.06.<\/td>\n<td align=\"center\">27.06.<\/td>\n<td align=\"center\">03.07.<\/td>\n<td align=\"center\">20.06.<\/td>\n<td align=\"center\">&#8211;<\/td>\n<td align=\"center\">&#8211;<\/td>\n<\/tr>\n<tr>\n<td><strong>Frucht<\/strong><\/td>\n<td align=\"center\">17.06.<\/td>\n<td align=\"center\">05.07.<\/td>\n<td align=\"center\">July<\/td>\n<td align=\"center\">05.07.<\/td>\n<td align=\"center\">&#8211;<\/td>\n<td align=\"center\">&#8211;<\/td>\n<\/tr>\n<tr>\n<td><strong>Reife<\/strong><\/td>\n<td align=\"center\">23.08.<\/td>\n<td align=\"center\">10.09.<\/td>\n<td align=\"center\">23.08.<\/td>\n<td align=\"center\">10.09.<\/td>\n<td align=\"center\">&#8211;<\/td>\n<td align=\"center\">&#8211;<\/td>\n<\/tr>\n<\/tbody>\n<\/table>\n<table border=\"1\" width=\"100%\" cellspacing=\"0\" cellpadding=\"0\">\n<tbody>\n<tr>\n<td valign=\"bottom\"><strong>Sorte<\/strong><\/td>\n<td align=\"center\" valign=\"bottom\"><strong>NuMex Ortega<\/strong><\/td>\n<td align=\"center\" valign=\"bottom\"><strong>NuMex Twilight<\/strong><\/td>\n<td align=\"center\" valign=\"bottom\"><strong>Criolla Sella<\/strong><\/td>\n<td align=\"center\" valign=\"bottom\"><strong>Ecuador Purple<\/strong><\/td>\n<td align=\"center\" valign=\"bottom\"><strong>Martinique Chili<\/strong><\/td>\n<td align=\"center\" valign=\"bottom\"><strong>Baumchili rot<\/strong><\/td>\n<\/tr>\n<tr>\n<td><strong>Saat<\/strong><\/td>\n<td align=\"center\">20.01.<\/td>\n<td align=\"center\">20.01.<\/td>\n<td align=\"center\">20.01.<\/td>\n<td align=\"center\">20.01.<\/td>\n<td align=\"center\">20.01.<\/td>\n<td align=\"center\">20.01.<\/td>\n<\/tr>\n<tr>\n<td><strong>Aufgang<\/strong><\/td>\n<td align=\"center\">21.03.<\/td>\n<td align=\"center\">19.02.<\/td>\n<td align=\"center\">07.02.<\/td>\n<td align=\"center\">20.02.<\/td>\n<td align=\"center\">17.02.<\/td>\n<td align=\"center\">02.03.<\/td>\n<\/tr>\n<tr>\n<td><strong>Bl\u00fcte<\/strong><\/td>\n<td align=\"center\">12.06.<\/td>\n<td align=\"center\">10.06.<\/td>\n<td align=\"center\">10.05.<\/td>\n<td align=\"center\">23.05.<\/td>\n<td align=\"center\">01.07.<\/td>\n<td align=\"center\">31.05.<\/td>\n<\/tr>\n<tr>\n<td><strong>Frucht<\/strong><\/td>\n<td align=\"center\">July<\/td>\n<td align=\"center\">July<\/td>\n<td align=\"center\">July<\/td>\n<td align=\"center\">17.06.<\/td>\n<td align=\"center\">July<\/td>\n<td align=\"center\">17.06.<\/td>\n<\/tr>\n<tr>\n<td><strong>Reife<\/strong><\/td>\n<td align=\"center\">02.10.<\/td>\n<td align=\"center\">02.10.<\/td>\n<td align=\"center\">16.09.<\/td>\n<td align=\"center\">23.08.<\/td>\n<td align=\"center\">10.09.<\/td>\n<td align=\"center\">31.08.<\/td>\n<\/tr>\n<\/tbody>\n<\/table>\n<h3><span class=\"ez-toc-section\" id=\"Photos_2004\"><\/span>Photos 2004<span class=\"ez-toc-section-end\"><\/span><\/h3>\n<h4><span class=\"ez-toc-section\" id=\"Januar_20th\"><\/span>Januar 20th<span class=\"ez-toc-section-end\"><\/span><\/h4>\nngg_shortcode_0_placeholder\n<h4><span class=\"ez-toc-section\" id=\"Februar_8th\"><\/span>Februar 8th<span class=\"ez-toc-section-end\"><\/span><\/h4>\nngg_shortcode_1_placeholder\n<h4><span class=\"ez-toc-section\" id=\"March_9th\"><\/span>March 9th<span class=\"ez-toc-section-end\"><\/span><\/h4>\nngg_shortcode_2_placeholder\n<h4><span class=\"ez-toc-section\" id=\"March_14th\"><\/span>March 14th<span class=\"ez-toc-section-end\"><\/span><\/h4>\nngg_shortcode_3_placeholder\n<h4><span class=\"ez-toc-section\" id=\"April_3rd\"><\/span>April 3rd<span class=\"ez-toc-section-end\"><\/span><\/h4>\nngg_shortcode_4_placeholder\n<h4><span class=\"ez-toc-section\" id=\"April_19th\"><\/span>April 19th<span class=\"ez-toc-section-end\"><\/span><\/h4>\nngg_shortcode_5_placeholder\n<h4><span class=\"ez-toc-section\" id=\"May_16th\"><\/span>May 16th<span class=\"ez-toc-section-end\"><\/span><\/h4>\nngg_shortcode_6_placeholder\n<h4><span class=\"ez-toc-section\" id=\"May_31th\"><\/span>May 31th<span class=\"ez-toc-section-end\"><\/span><\/h4>\nngg_shortcode_7_placeholder\n<h4><span class=\"ez-toc-section\" id=\"June_9th\"><\/span>June 9th<span class=\"ez-toc-section-end\"><\/span><\/h4>\nngg_shortcode_8_placeholder\n<h4><span class=\"ez-toc-section\" id=\"June_27th\"><\/span>June 27th<span class=\"ez-toc-section-end\"><\/span><\/h4>\nngg_shortcode_9_placeholder\n<h4><span class=\"ez-toc-section\" id=\"July_11th\"><\/span>July 11th<span class=\"ez-toc-section-end\"><\/span><\/h4>\nngg_shortcode_10_placeholder\n<h4><span class=\"ez-toc-section\" id=\"July_21st\"><\/span>July 21st<span class=\"ez-toc-section-end\"><\/span><\/h4>\nngg_shortcode_11_placeholder\n<h4><span class=\"ez-toc-section\" id=\"August_1st\"><\/span>August 1st<span class=\"ez-toc-section-end\"><\/span><\/h4>\nngg_shortcode_12_placeholder\n<h4><span class=\"ez-toc-section\" id=\"August_11th\"><\/span>August 11th<span class=\"ez-toc-section-end\"><\/span><\/h4>\nngg_shortcode_13_placeholder\n<h4><span class=\"ez-toc-section\" id=\"August_23rd\"><\/span>August 23rd<span class=\"ez-toc-section-end\"><\/span><\/h4>\nngg_shortcode_14_placeholder\n<h4><span class=\"ez-toc-section\" id=\"August_31st\"><\/span>August 31st<span class=\"ez-toc-section-end\"><\/span><\/h4>\nngg_shortcode_15_placeholder\n<h4><span class=\"ez-toc-section\" id=\"September_5th\"><\/span>September 5th<span class=\"ez-toc-section-end\"><\/span><\/h4>\nngg_shortcode_16_placeholder\n<h4><span class=\"ez-toc-section\" id=\"September_10th\"><\/span>September 10th<span class=\"ez-toc-section-end\"><\/span><\/h4>\nngg_shortcode_17_placeholder\n<h4><span class=\"ez-toc-section\" id=\"September_12th\"><\/span>September 12th<span class=\"ez-toc-section-end\"><\/span><\/h4>\nngg_shortcode_18_placeholder\n<h4><span class=\"ez-toc-section\" id=\"September_19th\"><\/span>September 19th<span class=\"ez-toc-section-end\"><\/span><\/h4>\nngg_shortcode_19_placeholder\n<h4><span class=\"ez-toc-section\" id=\"September_26th\"><\/span>September 26th<span class=\"ez-toc-section-end\"><\/span><\/h4>\nngg_shortcode_20_placeholder\n<h4><span class=\"ez-toc-section\" id=\"Oktober_2nd\"><\/span>Oktober 2nd<span class=\"ez-toc-section-end\"><\/span><\/h4>\nngg_shortcode_21_placeholder\n","protected":false},"excerpt":{"rendered":"<p>Calendar 2004 Sorte Haba\u00f1ero Red Savina Scotch Bonnet Cayenne Ring of Fire Santa Fe Grande Jalape\u00f1o Saat 20.01. 20.01. 14.03. 14.03. 20.01. 20.01. Aufgang 14.02. 27.02. 04.04. 05.04. &#8211; &#8211; Bl\u00fcte 05.06. 27.06. 03.07. 20.06. &#8211; &#8211; Frucht 17.06. 05.07. July 05.07. &#8211; &#8211; Reife 23.08. 10.09. 23.08. 10.09. &#8211; &#8211; Sorte NuMex Ortega NuMex &hellip; <a href=\"https:\/\/www.sebald.com\/en\/chilis\/chilis-2004\/\" class=\"more-link\">Continue reading<span class=\"screen-reader-text\"> &#8220;Chillis 2004&#8221;<\/span><\/a><\/p>\n","protected":false},"author":1,"featured_media":0,"parent":1627,"menu_order":30,"comment_status":"open","ping_status":"open","template":"","meta":{"ngg_post_thumbnail":0,"webmentions_disabled_pings":false,"webmentions_disabled":false,"footnotes":"","_links_to":"","_links_to_target":""},"class_list":["post-1638","page","type-page","status-publish","hentry"],"yoast_head":"<!-- This site is optimized with the Yoast SEO plugin v27.6 - https:\/\/yoast.com\/product\/yoast-seo-wordpress\/ -->\n<title>Chillis 2004 - Hot Chillis - Sebald.com<\/title>\n<meta name=\"description\" content=\"Hot Chillis: Here you can find information, links and tips about growing your own chillis. The page also includes a growing calendar.\" \/>\n<meta name=\"robots\" content=\"index, follow, max-snippet:-1, max-image-preview:large, max-video-preview:-1\" \/>\n<link rel=\"canonical\" href=\"https:\/\/www.sebald.com\/en\/chilis\/chilis-2004\/\" \/>\n<meta property=\"og:locale\" content=\"en_US\" \/>\n<meta property=\"og:type\" content=\"article\" \/>\n<meta property=\"og:title\" content=\"Chillis 2004 - Hot Chillis - Sebald.com\" \/>\n<meta property=\"og:description\" content=\"Hot Chillis: Here you can find information, links and tips about growing your own chillis. The page also includes a growing calendar.\" \/>\n<meta property=\"og:url\" content=\"https:\/\/www.sebald.com\/en\/chilis\/chilis-2004\/\" \/>\n<meta property=\"og:site_name\" content=\"Sebald.com\" \/>\n<meta property=\"article:publisher\" content=\"https:\/\/www.facebook.com\/martin.sebald\" \/>\n<meta property=\"article:modified_time\" content=\"2018-10-25T07:59:47+00:00\" \/>\n<meta name=\"twitter:card\" content=\"summary_large_image\" \/>\n<meta name=\"twitter:site\" content=\"@msebald\" \/>\n<meta name=\"twitter:label1\" content=\"Est. reading time\" \/>\n\t<meta name=\"twitter:data1\" content=\"2 minutes\" \/>\n<script type=\"application\/ld+json\" class=\"yoast-schema-graph\">{\"@context\":\"https:\\\/\\\/schema.org\",\"@graph\":[{\"@type\":\"WebPage\",\"@id\":\"https:\\\/\\\/www.sebald.com\\\/en\\\/chilis\\\/chilis-2004\\\/\",\"url\":\"https:\\\/\\\/www.sebald.com\\\/en\\\/chilis\\\/chilis-2004\\\/\",\"name\":\"Chillis 2004 - Hot Chillis - Sebald.com\",\"isPartOf\":{\"@id\":\"https:\\\/\\\/www.sebald.com\\\/#website\"},\"datePublished\":\"2010-07-14T12:41:37+00:00\",\"dateModified\":\"2018-10-25T07:59:47+00:00\",\"description\":\"Hot Chillis: Here you can find information, links and tips about growing your own chillis. The page also includes a growing calendar.\",\"breadcrumb\":{\"@id\":\"https:\\\/\\\/www.sebald.com\\\/en\\\/chilis\\\/chilis-2004\\\/#breadcrumb\"},\"inLanguage\":\"en-US\",\"potentialAction\":[{\"@type\":\"ReadAction\",\"target\":[\"https:\\\/\\\/www.sebald.com\\\/en\\\/chilis\\\/chilis-2004\\\/\"]}]},{\"@type\":\"BreadcrumbList\",\"@id\":\"https:\\\/\\\/www.sebald.com\\\/en\\\/chilis\\\/chilis-2004\\\/#breadcrumb\",\"itemListElement\":[{\"@type\":\"ListItem\",\"position\":1,\"name\":\"Home\",\"item\":\"https:\\\/\\\/www.sebald.com\\\/\"},{\"@type\":\"ListItem\",\"position\":2,\"name\":\"Hot Chillis\",\"item\":\"https:\\\/\\\/www.sebald.com\\\/en\\\/chilis\\\/\"},{\"@type\":\"ListItem\",\"position\":3,\"name\":\"Chillis 2004\"}]},{\"@type\":\"WebSite\",\"@id\":\"https:\\\/\\\/www.sebald.com\\\/#website\",\"url\":\"https:\\\/\\\/www.sebald.com\\\/\",\"name\":\"Sebald.com\",\"description\":\"Cyberworld, trips, scuba diving, American license plates and more\",\"publisher\":{\"@id\":\"https:\\\/\\\/www.sebald.com\\\/#\\\/schema\\\/person\\\/a765dc617278a78eab972845de6fc0bd\"},\"potentialAction\":[{\"@type\":\"SearchAction\",\"target\":{\"@type\":\"EntryPoint\",\"urlTemplate\":\"https:\\\/\\\/www.sebald.com\\\/?s={search_term_string}\"},\"query-input\":{\"@type\":\"PropertyValueSpecification\",\"valueRequired\":true,\"valueName\":\"search_term_string\"}}],\"inLanguage\":\"en-US\"},{\"@type\":[\"Person\",\"Organization\"],\"@id\":\"https:\\\/\\\/www.sebald.com\\\/#\\\/schema\\\/person\\\/a765dc617278a78eab972845de6fc0bd\",\"name\":\"Martin\",\"image\":{\"@type\":\"ImageObject\",\"inLanguage\":\"en-US\",\"@id\":\"https:\\\/\\\/static.sebald.com\\\/wp-content\\\/uploads\\\/sebald-header_platzhalter.jpg\",\"url\":\"https:\\\/\\\/static.sebald.com\\\/wp-content\\\/uploads\\\/sebald-header_platzhalter.jpg\",\"contentUrl\":\"https:\\\/\\\/static.sebald.com\\\/wp-content\\\/uploads\\\/sebald-header_platzhalter.jpg\",\"width\":1200,\"height\":280,\"caption\":\"Martin\"},\"logo\":{\"@id\":\"https:\\\/\\\/static.sebald.com\\\/wp-content\\\/uploads\\\/sebald-header_platzhalter.jpg\"},\"sameAs\":[\"https:\\\/\\\/www.sebald.com\",\"https:\\\/\\\/www.facebook.com\\\/martin.sebald\",\"https:\\\/\\\/www.instagram.com\\\/martinsebald\\\/\",\"https:\\\/\\\/www.linkedin.com\\\/in\\\/martin-sebald-854832bb\",\"https:\\\/\\\/x.com\\\/msebald\",\"https:\\\/\\\/www.youtube.com\\\/user\\\/msebald\"]}]}<\/script>\n<!-- \/ Yoast SEO plugin. -->","yoast_head_json":{"title":"Chillis 2004 - Hot Chillis - Sebald.com","description":"Hot Chillis: Here you can find information, links and tips about growing your own chillis. The page also includes a growing calendar.","robots":{"index":"index","follow":"follow","max-snippet":"max-snippet:-1","max-image-preview":"max-image-preview:large","max-video-preview":"max-video-preview:-1"},"canonical":"https:\/\/www.sebald.com\/en\/chilis\/chilis-2004\/","og_locale":"en_US","og_type":"article","og_title":"Chillis 2004 - Hot Chillis - Sebald.com","og_description":"Hot Chillis: Here you can find information, links and tips about growing your own chillis. The page also includes a growing calendar.","og_url":"https:\/\/www.sebald.com\/en\/chilis\/chilis-2004\/","og_site_name":"Sebald.com","article_publisher":"https:\/\/www.facebook.com\/martin.sebald","article_modified_time":"2018-10-25T07:59:47+00:00","twitter_card":"summary_large_image","twitter_site":"@msebald","twitter_misc":{"Est. reading time":"2 minutes"},"schema":{"@context":"https:\/\/schema.org","@graph":[{"@type":"WebPage","@id":"https:\/\/www.sebald.com\/en\/chilis\/chilis-2004\/","url":"https:\/\/www.sebald.com\/en\/chilis\/chilis-2004\/","name":"Chillis 2004 - Hot Chillis - Sebald.com","isPartOf":{"@id":"https:\/\/www.sebald.com\/#website"},"datePublished":"2010-07-14T12:41:37+00:00","dateModified":"2018-10-25T07:59:47+00:00","description":"Hot Chillis: Here you can find information, links and tips about growing your own chillis. The page also includes a growing calendar.","breadcrumb":{"@id":"https:\/\/www.sebald.com\/en\/chilis\/chilis-2004\/#breadcrumb"},"inLanguage":"en-US","potentialAction":[{"@type":"ReadAction","target":["https:\/\/www.sebald.com\/en\/chilis\/chilis-2004\/"]}]},{"@type":"BreadcrumbList","@id":"https:\/\/www.sebald.com\/en\/chilis\/chilis-2004\/#breadcrumb","itemListElement":[{"@type":"ListItem","position":1,"name":"Home","item":"https:\/\/www.sebald.com\/"},{"@type":"ListItem","position":2,"name":"Hot Chillis","item":"https:\/\/www.sebald.com\/en\/chilis\/"},{"@type":"ListItem","position":3,"name":"Chillis 2004"}]},{"@type":"WebSite","@id":"https:\/\/www.sebald.com\/#website","url":"https:\/\/www.sebald.com\/","name":"Sebald.com","description":"Cyberworld, trips, scuba diving, American license plates and more","publisher":{"@id":"https:\/\/www.sebald.com\/#\/schema\/person\/a765dc617278a78eab972845de6fc0bd"},"potentialAction":[{"@type":"SearchAction","target":{"@type":"EntryPoint","urlTemplate":"https:\/\/www.sebald.com\/?s={search_term_string}"},"query-input":{"@type":"PropertyValueSpecification","valueRequired":true,"valueName":"search_term_string"}}],"inLanguage":"en-US"},{"@type":["Person","Organization"],"@id":"https:\/\/www.sebald.com\/#\/schema\/person\/a765dc617278a78eab972845de6fc0bd","name":"Martin","image":{"@type":"ImageObject","inLanguage":"en-US","@id":"https:\/\/static.sebald.com\/wp-content\/uploads\/sebald-header_platzhalter.jpg","url":"https:\/\/static.sebald.com\/wp-content\/uploads\/sebald-header_platzhalter.jpg","contentUrl":"https:\/\/static.sebald.com\/wp-content\/uploads\/sebald-header_platzhalter.jpg","width":1200,"height":280,"caption":"Martin"},"logo":{"@id":"https:\/\/static.sebald.com\/wp-content\/uploads\/sebald-header_platzhalter.jpg"},"sameAs":["https:\/\/www.sebald.com","https:\/\/www.facebook.com\/martin.sebald","https:\/\/www.instagram.com\/martinsebald\/","https:\/\/www.linkedin.com\/in\/martin-sebald-854832bb","https:\/\/x.com\/msebald","https:\/\/www.youtube.com\/user\/msebald"]}]}},"_links":{"self":[{"href":"https:\/\/www.sebald.com\/en\/wp-json\/wp\/v2\/pages\/1638","targetHints":{"allow":["GET"]}}],"collection":[{"href":"https:\/\/www.sebald.com\/en\/wp-json\/wp\/v2\/pages"}],"about":[{"href":"https:\/\/www.sebald.com\/en\/wp-json\/wp\/v2\/types\/page"}],"author":[{"embeddable":true,"href":"https:\/\/www.sebald.com\/en\/wp-json\/wp\/v2\/users\/1"}],"replies":[{"embeddable":true,"href":"https:\/\/www.sebald.com\/en\/wp-json\/wp\/v2\/comments?post=1638"}],"version-history":[{"count":0,"href":"https:\/\/www.sebald.com\/en\/wp-json\/wp\/v2\/pages\/1638\/revisions"}],"up":[{"embeddable":true,"href":"https:\/\/www.sebald.com\/en\/wp-json\/wp\/v2\/pages\/1627"}],"wp:attachment":[{"href":"https:\/\/www.sebald.com\/en\/wp-json\/wp\/v2\/media?parent=1638"}],"curies":[{"name":"wp","href":"https:\/\/api.w.org\/{rel}","templated":true}]}}